{"id":701,"date":"2020-10-20T18:05:14","date_gmt":"2020-10-20T16:05:14","guid":{"rendered":"http:\/\/www.sicherheitsassistent.info\/?page_id=701"},"modified":"2020-10-20T18:07:15","modified_gmt":"2020-10-20T16:07:15","slug":"tibro-publikationen","status":"publish","type":"page","link":"https:\/\/www.sicherheitsassistent.info\/?page_id=701","title":{"rendered":"TIBRO-Publikationen"},"content":{"rendered":"<p>Aus dem Projekt TIBRO wurden folgende Fachvortr\u00e4ge gehalten bzw. Beitr\u00e4ge in Fachzeitschriften ver\u00f6ffentlicht (Auswahl). Aus urherberrechtlichen Gr\u00fcnden k\u00f6nnen diese hier leider nicht zum Download angeboten werden, sind dem interessierten Leser aber \u00fcber die einschl\u00e4gigen Archive und Fachbibliotheken zug\u00e4nglich.<\/p>\n<ul>\n<li>Ridder, A.: Methodische Ans\u00e4tze zur datenbasiert-analytischen Risikobeurteilung zur strategischen Planung von Feuerwehren. In: 3.<br \/>\nMagdeburger Brand- und Explosionsschutztag 2013<\/li>\n<li>Ki\u00dflinger, A.: Anpassung der technischen Bew\u00e4ltigungskapazit\u00e4ten von Feuerwehren an die \u00f6rtlichen Erfordernisse der Einsatzgebiete. In: 3. Magdeburger Brand- und Explosionsschutztag 2013<\/li>\n<li>Ridder, A.: Methodische Herausforderungen bei der Risikobeurteilung und deren Konsequenzen am Beispiel der Feuerwehrbedarfsplanung (Tagung der Gesellschaft f\u00fcr Sicherheitswissenschaft &amp; der Schutzkommission \u201eRisikokompetenz: Beurteilung von Risiken 2014)<\/li>\n<li>Ridder, A.; Kaiser, G.: Zur Festlegung von Planungszielen f\u00fcr Freiwillige Feuerwehren \u2013 Teil 1. In: vfdb-Zeitschrift, 4\/2014, S. 214-221<\/li>\n<li>Ridder, A.; Kaiser, G.: Zur Festlegung von Planungszielen f\u00fcr Freiwillige Feuerwehren \u2013 Teil 2. In: vfdb-Zeitschrift, 1\/2015, S. 32-36<\/li>\n<li>Oechsle, T.; Ridder, A.: Empirische Studie zur Verwendung von Fahrtzeitisochronen in der Feuerwehrbedarfsplanung. In: vfdb-Zeitschrift, 4\/2014, S. 222-229<\/li>\n<li>Hasenstab, Gilles, Ridder: \u00dcberlegungen zum Leistungsverm\u00f6gen taktischer Einheiten der Feuerwehr. In: Brandschutz, Ausgabe November 2014, S. 832-840<\/li>\n<li>Ridder, A.; Ki\u00dflinger, A.; Barth, U.: Methodische Zug\u00e4nge zur zuk\u00fcnftigen strategischen Planung von Feuerwehren: 62. Jahresfachtagung der Vereinigung zur F\u00f6rderung des Deutschen Brandschutzes. Dortmund: 16.06.14<\/li>\n<li>Ridder, Adrian &amp; Barth, Uli 2014. Development of a Methodological Approach to Strategic Fire Service Planning Combining Concepts of Risk, Hazard and Scenario-based Design. Honolulu\/Hawaii, USA.<\/li>\n<li>Ridder, Adrian &amp; Barth, Uli 2014. From prescriptive arrival times to performance based fire service delivery: Parallels of Fire Service Planning and Fire Engineering. Honolulu\/Hawaii, USA.<\/li>\n<li>Ridder, Adrian &amp; Barth, Uli 2012. Methodische Ans\u00e4tze zur organisationalen Business Resilience am Beispiel einer Werkfeuerwehr. vfdb-Zeitschrift 61 (3), 111\u2013122.<\/li>\n<li>Ridder, A. 2015. Risikologische Betrachtungen zur strategischen Planung von Feuerwehren. Empirische Befunde und Systematisierung von Zielsystemen. Zugl. Univ. Diss. Bergische Universit\u00e4t Wuppertal. VdS-Verlag K\u00f6ln.<\/li>\n<\/ul>\n","protected":false},"excerpt":{"rendered":"<p>Aus dem Projekt TIBRO wurden folgende Fachvortr\u00e4ge gehalten bzw. Beitr\u00e4ge in Fachzeitschriften ver\u00f6ffentlicht (Auswahl). Aus urherberrechtlichen Gr\u00fcnden k\u00f6nnen diese hier leider nicht zum Download angeboten werden, sind dem interessierten Leser aber \u00fcber die einschl\u00e4gigen Archive und Fachbibliotheken zug\u00e4nglich. Ridder, A.: &hellip;<\/p>\n<p class=\"read-more\"> <a class=\"more-link\" href=\"https:\/\/www.sicherheitsassistent.info\/?page_id=701\"> <span class=\"screen-reader-text\">TIBRO-Publikationen<\/span> Weiterlesen &raquo;<\/a><\/p>\n","protected":false},"author":2,"featured_media":0,"parent":0,"menu_order":0,"comment_status":"closed","ping_status":"closed","template":"","meta":{"footnotes":""},"class_list":["post-701","page","type-page","status-publish","hentry"],"_links":{"self":[{"href":"https:\/\/www.sicherheitsassistent.info\/index.php?rest_route=\/wp\/v2\/pages\/701","targetHints":{"allow":["GET"]}}],"collection":[{"href":"https:\/\/www.sicherheitsassistent.info\/index.php?rest_route=\/wp\/v2\/pages"}],"about":[{"href":"https:\/\/www.sicherheitsassistent.info\/index.php?rest_route=\/wp\/v2\/types\/page"}],"author":[{"embeddable":true,"href":"https:\/\/www.sicherheitsassistent.info\/index.php?rest_route=\/wp\/v2\/users\/2"}],"replies":[{"embeddable":true,"href":"https:\/\/www.sicherheitsassistent.info\/index.php?rest_route=%2Fwp%2Fv2%2Fcomments&post=701"}],"version-history":[{"count":2,"href":"https:\/\/www.sicherheitsassistent.info\/index.php?rest_route=\/wp\/v2\/pages\/701\/revisions"}],"predecessor-version":[{"id":704,"href":"https:\/\/www.sicherheitsassistent.info\/index.php?rest_route=\/wp\/v2\/pages\/701\/revisions\/704"}],"wp:attachment":[{"href":"https:\/\/www.sicherheitsassistent.info\/index.php?rest_route=%2Fwp%2Fv2%2Fmedia&parent=701"}],"curies":[{"name":"wp","href":"https:\/\/api.w.org\/{rel}","templated":true}]}}