{"id":681,"date":"2020-10-20T17:30:36","date_gmt":"2020-10-20T15:30:36","guid":{"rendered":"http:\/\/www.sicherheitsassistent.info\/?page_id=681"},"modified":"2020-10-20T21:06:45","modified_gmt":"2020-10-20T19:06:45","slug":"tibro-informationen-zum-download","status":"publish","type":"page","link":"https:\/\/www.sicherheitsassistent.info\/?page_id=681","title":{"rendered":"TIBRO-Informationen zum Download"},"content":{"rendered":"<p>Das vom Bundesministerium f\u00fcr Bildung und Forschung gef\u00f6rderte Forschungsvorhabens <a href=\"https:\/\/www.sifo.de\/de\/tibro-innovative-sicherheitsarchitektur-der-nicht-polizeilichen-gefahrenabwehr-1967.html\">TIBRO<\/a> behandelte Fragen der Grundlagenforschung zum Thema Brandschutzbedarfsplanung. Das Projekt wurde 2015 erfolgreich beendet und in diversen Fachbeitr\u00e4gen und -vortr\u00e4gen wurden Ergebnisse der Fach\u00f6ffentlichkeit mitgeteilt. Die im Rahmen des Projektes erarbeiteten sog. &#8222;TIBRO-Informationen&#8220; zu abgeschlossenen Teilgebieten des Untersuchungsgegenstandes werden an dieser Stelle der interessierten \u00d6ffentlichkeit zug\u00e4nglich gemacht, nachdem leider auf den Seiten der damaligen Verbundpartner diese Ergebnissicherung nicht mehr betrieben wird.<\/p>\n<p>Eine \u00dcbersicht der im Rahmen des Projekts ver\u00f6ffentlichten Fachbeitr\u00e4ge finden Sie <a href=\"http:\/\/www.sicherheitsassistent.info\/?page_id=701\">hier<\/a>.<\/p>\n<p>Die TIBRO-Informationen im \u00dcberblick:<\/p>\n<ul>\n<li><a href=\"http:\/\/www.sicherheitsassistent.info\/?wpdmpro=tibro-information-0-projektueberblick-und-uebersicht-ueber-tibro-informationen\">0: Projekt\u00fcberblick und \u00dcbersicht \u00fcber TIBRO-Informationen<\/a><\/li>\n<li><a href=\"http:\/\/www.sicherheitsassistent.info\/?wpdmpro=tibro-information-100-anforderungsprofil-an-methoden-zur-feuerwehrbedarfsplanung\">100: Anforderungsprofil an Methoden zur Feuerwehrbedarfsplanung<\/a><\/li>\n<li><a href=\"http:\/\/www.sicherheitsassistent.info\/?wpdmpro=tibro-information-110-vorschlaege-fuer-leitsaetze-zur-feuerwehrbedarfsplanung\">110: Vorschl\u00e4ge f\u00fcr Leits\u00e4tze zur Feuerwehrbedarfsplanung<\/a><\/li>\n<li><a href=\"http:\/\/www.sicherheitsassistent.info\/?wpdmpro=tibro-information-210-empfehlungen-zur-einsatzdokumentation-in-der-feuerwehr\">210: Empfehlungen zur Einsatzdokumentation in der Feuerwehr<\/a><\/li>\n<li><a href=\"http:\/\/www.sicherheitsassistent.info\/?wpdmpro=tibro-information-220-methoden-der-isochronenberechnung-und-anwendung\">220: Methoden der Isochronenberechnung und -anwendung<\/a><\/li>\n<li><a href=\"http:\/\/www.sicherheitsassistent.info\/?wpdmpro=tibro-information-230-methoden-zur-analyse-des-einsatzgeschehens-mithilfe-geoanalytischer-verfahren\">230: Methoden zur Analyse des Einsatzgeschehens mithilfe geoanalytischer Verfahren<\/a><\/li>\n<li><a href=\"http:\/\/www.sicherheitsassistent.info\/?wpdmpro=tibro-information-300-dokumentationsempfehlung-zur-feuerwehrbedarfsplanung\">300: Dokumentationsempfehlung zur Feuerwehrbedarfsplanung<\/a><\/li>\n<\/ul>\n<p>&nbsp;<\/p>\n","protected":false},"excerpt":{"rendered":"<p>Das vom Bundesministerium f\u00fcr Bildung und Forschung gef\u00f6rderte Forschungsvorhabens TIBRO behandelte Fragen der Grundlagenforschung zum Thema Brandschutzbedarfsplanung. Das Projekt wurde 2015 erfolgreich beendet und in diversen Fachbeitr\u00e4gen und -vortr\u00e4gen wurden Ergebnisse der Fach\u00f6ffentlichkeit mitgeteilt. Die im Rahmen des Projektes erarbeiteten &hellip;<\/p>\n<p class=\"read-more\"> <a class=\"more-link\" href=\"https:\/\/www.sicherheitsassistent.info\/?page_id=681\"> <span class=\"screen-reader-text\">TIBRO-Informationen zum Download<\/span> Weiterlesen &raquo;<\/a><\/p>\n","protected":false},"author":2,"featured_media":711,"parent":0,"menu_order":0,"comment_status":"closed","ping_status":"closed","template":"","meta":{"footnotes":""},"class_list":["post-681","page","type-page","status-publish","has-post-thumbnail","hentry"],"_links":{"self":[{"href":"https:\/\/www.sicherheitsassistent.info\/index.php?rest_route=\/wp\/v2\/pages\/681","targetHints":{"allow":["GET"]}}],"collection":[{"href":"https:\/\/www.sicherheitsassistent.info\/index.php?rest_route=\/wp\/v2\/pages"}],"about":[{"href":"https:\/\/www.sicherheitsassistent.info\/index.php?rest_route=\/wp\/v2\/types\/page"}],"author":[{"embeddable":true,"href":"https:\/\/www.sicherheitsassistent.info\/index.php?rest_route=\/wp\/v2\/users\/2"}],"replies":[{"embeddable":true,"href":"https:\/\/www.sicherheitsassistent.info\/index.php?rest_route=%2Fwp%2Fv2%2Fcomments&post=681"}],"version-history":[{"count":6,"href":"https:\/\/www.sicherheitsassistent.info\/index.php?rest_route=\/wp\/v2\/pages\/681\/revisions"}],"predecessor-version":[{"id":713,"href":"https:\/\/www.sicherheitsassistent.info\/index.php?rest_route=\/wp\/v2\/pages\/681\/revisions\/713"}],"wp:featuredmedia":[{"embeddable":true,"href":"https:\/\/www.sicherheitsassistent.info\/index.php?rest_route=\/wp\/v2\/media\/711"}],"wp:attachment":[{"href":"https:\/\/www.sicherheitsassistent.info\/index.php?rest_route=%2Fwp%2Fv2%2Fmedia&parent=681"}],"curies":[{"name":"wp","href":"https:\/\/api.w.org\/{rel}","templated":true}]}}