{"id":58,"date":"2016-04-26T22:03:29","date_gmt":"2016-04-26T20:03:29","guid":{"rendered":"http:\/\/sicherheitsassistent.info\/?page_id=58"},"modified":"2016-11-16T18:45:15","modified_gmt":"2016-11-16T17:45:15","slug":"uebersicht-module","status":"publish","type":"page","link":"https:\/\/www.sicherheitsassistent.info\/?page_id=58","title":{"rendered":"\u00dcbersicht Module"},"content":{"rendered":"<p>Das Konzept des Sicherheitsassistenten wurde f\u00fcr deutsche Verh\u00e4ltnisse von Dr.-Ing. Adrian Ridder an der Bergischen Universit\u00e4t Wuppertal angepasst. Dr. Ridder und sein Team sind die Dozenten f\u00fcr die hier beschriebenen Module. Bereits mehrere Hundert Sicherheitsassistenten wurden bei deutschen Feuerwehren geschult. Profitieren auch Sie von dieser einzigartigen Kompetenz des Urhebers dieses Konzeptes zur Verbesserung der Einsatzsicherheit und nehmen Sie an einem unserer Schulungsmodule teil. Die beiden derzeit angebotenen Module werden nachfolgend beschrieben.<\/p>\n<p>Aktuelle Termine zur Teilnahme an Modul 1 oder Modul 2 finden Sie unter <a href=\"http:\/\/sicherheitsassistent.info\/?page_id=62\">Termine<\/a>.<\/p>\n<p>&nbsp;<\/p>\n<p><strong>Modul 1: Sicherheitsassistent &#8211; Grundlagen<\/strong><\/p>\n<p><em>Fortbildung von F\u00fchrungskr\u00e4ften zum Sicherheitsassistent <\/em><\/p>\n<p>Dieses Modul f\u00fchrt die Teilnehmer in das Konzept des Sicherheitsassistenten ein und erl\u00e4utert Hintergr\u00fcnde zum Entstehen von Unf\u00e4llen sowie zu deren Pr\u00e4vention im Einsatz- und \u00dcbungsdienst der Feuerwehr.<\/p>\n<p>Die Teilnehmer werden bef\u00e4higt, als Sicherheitsassistent an Einsatzstellen eingesetzt zu werden.<\/p>\n<p><u>Voraussetzung<\/u>: Abgeschlossene F\u00fchrungsausbildung (mind. Gruppenf\u00fchrer)<\/p>\n<p><u>Umfang:<\/u> Ein Tag (7 h)<\/p>\n<p><u>Themen aus dem Stundenplan:<\/u><\/p>\n<ul>\n<li>Stellung des SiAss<\/li>\n<li>Grundlagen des Sicherheitsrechts<\/li>\n<li>Gef\u00e4hrdungen im Einsatz<\/li>\n<li>Grundlagen der Arbeitssicherheit<\/li>\n<li>Risikomanagement<\/li>\n<li>Fallstudien\/Lessons learned<\/li>\n<li>Grundlagen der Arbeitspsychologie<\/li>\n<\/ul>\n<p><u>Methoden:<\/u> Vortr\u00e4ge, Gruppenarbeiten und Ergebnispr\u00e4sentationen, unterst\u00fctzt durch viele Fotos und Videos aus \u00dcbungen und realen Eins\u00e4tzen.<\/p>\n<p>Wichtige Inhalte dieses Moduls sind in dem \u00fcber 100 Seiten fassenden Bericht zum Thema zusammengefasst.<\/p>\n<p>Bestellinformationen: VdS-Verlag K\u00f6ln, ISBN-10: 393605021X, ISBN-13: 978-3936050219<\/p>\n<p>&nbsp;<\/p>\n<p><strong>Modul 2: Einsatzsicherheit-Management<\/strong><\/p>\n<p><em>Fortbildung von Sicherheitsassistenten und Sensibilisierung von F\u00fchrungskr\u00e4ften<\/em><\/p>\n<p>Dieses Modul vertieft die Inhalte des Moduls 1 und schafft die Grundlage f\u00fcr den Aufbau eines Einsatzsicherheit-Managementsystems bei einer Feuerwehr.<\/p>\n<p><u>Voraussetzung<\/u>: Teilnahme am Modul 1, Durcharbeit des Wuppertaler Berichtes (empfohlen)<\/p>\n<p><u>Umfang:<\/u> Ein Tag (7 h)<\/p>\n<p><u>Themen aus dem Stundenplan:<\/u><\/p>\n<ul>\n<li>Der Sicherheitsassistent im Einsatz<\/li>\n<li>Gef\u00e4hrdungsbeurteilung im Feuerwehreinsatz<\/li>\n<li>Einf\u00fchrung des SiAss in einer Feuerwehr<\/li>\n<li>Aufbau eines Einsatzsicherheit-Managementsystems<\/li>\n<li>Sicherheitskommunikation an Einsatzstellen<\/li>\n<li>Lernen aus Unf\u00e4llen: Unfallursachenanalyse<\/li>\n<\/ul>\n<p><u>Methoden:<\/u> Plan\u00fcbungen, Vortr\u00e4ge, Gruppenarbeiten und Ergebnispr\u00e4sentationen unterst\u00fctzt durch viele Fotos und Videos aus \u00dcbungen und realen Eins\u00e4tzen.<\/p>\n","protected":false},"excerpt":{"rendered":"<p>Das Konzept des Sicherheitsassistenten wurde f\u00fcr deutsche Verh\u00e4ltnisse von Dr.-Ing. Adrian Ridder an der Bergischen Universit\u00e4t Wuppertal angepasst. Dr. Ridder und sein Team sind die Dozenten f\u00fcr die hier beschriebenen Module. Bereits mehrere Hundert Sicherheitsassistenten wurden bei deutschen Feuerwehren geschult. &hellip;<\/p>\n<p class=\"read-more\"> <a class=\"more-link\" href=\"https:\/\/www.sicherheitsassistent.info\/?page_id=58\"> <span class=\"screen-reader-text\">\u00dcbersicht Module<\/span> Weiterlesen &raquo;<\/a><\/p>\n","protected":false},"author":1,"featured_media":0,"parent":56,"menu_order":0,"comment_status":"closed","ping_status":"closed","template":"","meta":{"footnotes":""},"class_list":["post-58","page","type-page","status-publish","hentry"],"_links":{"self":[{"href":"https:\/\/www.sicherheitsassistent.info\/index.php?rest_route=\/wp\/v2\/pages\/58","targetHints":{"allow":["GET"]}}],"collection":[{"href":"https:\/\/www.sicherheitsassistent.info\/index.php?rest_route=\/wp\/v2\/pages"}],"about":[{"href":"https:\/\/www.sicherheitsassistent.info\/index.php?rest_route=\/wp\/v2\/types\/page"}],"author":[{"embeddable":true,"href":"https:\/\/www.sicherheitsassistent.info\/index.php?rest_route=\/wp\/v2\/users\/1"}],"replies":[{"embeddable":true,"href":"https:\/\/www.sicherheitsassistent.info\/index.php?rest_route=%2Fwp%2Fv2%2Fcomments&post=58"}],"version-history":[{"count":5,"href":"https:\/\/www.sicherheitsassistent.info\/index.php?rest_route=\/wp\/v2\/pages\/58\/revisions"}],"predecessor-version":[{"id":371,"href":"https:\/\/www.sicherheitsassistent.info\/index.php?rest_route=\/wp\/v2\/pages\/58\/revisions\/371"}],"up":[{"embeddable":true,"href":"https:\/\/www.sicherheitsassistent.info\/index.php?rest_route=\/wp\/v2\/pages\/56"}],"wp:attachment":[{"href":"https:\/\/www.sicherheitsassistent.info\/index.php?rest_route=%2Fwp%2Fv2%2Fmedia&parent=58"}],"curies":[{"name":"wp","href":"https:\/\/api.w.org\/{rel}","templated":true}]}}