{"id":56,"date":"2016-04-26T22:02:50","date_gmt":"2016-04-26T20:02:50","guid":{"rendered":"http:\/\/sicherheitsassistent.info\/?page_id=56"},"modified":"2016-06-13T19:12:06","modified_gmt":"2016-06-13T17:12:06","slug":"aus-und-fortbildung","status":"publish","type":"page","link":"https:\/\/www.sicherheitsassistent.info\/?page_id=56","title":{"rendered":"Aus- und Fortbildung"},"content":{"rendered":"<p>Zur umfassenden Kenntnis der Hintergr\u00fcnde und Konzeptideen zum Sicherheitsassistent bedarf es einer Fortbildung. F\u00fchrungskr\u00e4fte ab der Ebene Gruppenf\u00fchrer k\u00f6nnen so zum SiAss weitergebildet werden, bereits ausgebildete Sicherheitsassistenen haben die Gelegenheit zur Fortbildung.<\/p>\n<p>Die daf\u00fcr entwickelten Modul 1 und 2 werden auf den <a href=\"http:\/\/sicherheitsassistent.info\/?page_id=58\">folgenden Seiten <\/a>dargestellt.<\/p>\n<p>Bereits durchgef\u00fchrte Aus- und Fortbildungen sind unter <a href=\"http:\/\/sicherheitsassistent.info\/?page_id=60\">Referenzen <\/a>beschrieben.<\/p>\n<h1>Offene Seminare und Inhouse-Trainings<\/h1>\n<p>Die o.g. Module bieten wir in zwei Formen an: Als &#8222;offene Seminare&#8220; und als Inhouse-Trainings.<\/p>\n<p>Die <strong>offenen Seminare<\/strong> werden in Kooperation mit verschiedenen Ausbildungsanbietern (sowohl professionelle Dienstleister als auch einzelne Feuerwehren) durchgef\u00fchrt. Veranstalter ist der jeweilige Ausbildungsanbieter, der f\u00fcr die gesamte Organisation und Abwicklung zust\u00e4ndig ist, wir stellen den Dozenten und f\u00fchren das Seminar durch. Besonders interessant ist diese Form der Ausbildung f\u00fcr Feuerwehren, die nur einzelne oder einige wenige Teilnehmer mit der Idee des Sicherheitsassistenten vertraut machen wollen oder f\u00fcr Einzelpersonen und Selbstzahler, da nur der jeweilige Teilnahmebetrag pro Kopf zu bezahlen ist. Diese Seminare profitieren auch aus dem Erfahrungsaustausch der Teilnehmer untereinander, da regelm\u00e4\u00dfig Teilnehmer aus mehreren Bundesl\u00e4ndern zu diesem Anlass zusammenkommen.<\/p>\n<p>Die n\u00e4chsten M\u00f6glichkeiten zur Teilnahme an bereits feststehenden offenen Seminaren finden Sie unter <a href=\"http:\/\/www.sicherheitsassistent.info\/?page_id=62\">Termine<\/a>.<\/p>\n<p>Sie wollen ein solches Seminar mit Ihrer Feuerwehr bzw. Ihrer Firma ausrichten? Sehr gerne! Wir suchen st\u00e4ndig Kooperationspartner in allen Gegenden Deutschlands und seinen Nachbarl\u00e4ndern, um die Seminare m\u00f6glichst nah am Teilnehmer durchf\u00fchren zu k\u00f6nnen. Kontaktieren Sie uns einfach unter operations (at) sicherheitsassistent.info!<\/p>\n<p>&nbsp;<\/p>\n<p><strong>Inhouse-Trainings<\/strong> bieten sich f\u00fcr Feuerwehren an, die eine gr\u00f6\u00dfere Gruppe wie z.B. alle F\u00fchrungskr\u00e4fte zum Sicherheitsassistenten aus- bzw. weiterbilden wollen. Viele Feuerwehren haben bereits davon Gebrauch gemacht und kombinieren so eine Weiterbildung zu neuen Inhalten mit einem Abgleich der Standards und Verfahrensweisen aller F\u00fchrungskr\u00e4fte innerhalb der Feuerwehr. Neben dieser Einheitlichkeit stellt diese Version der Aus- bzw. Fortbildung auch die wirtschaftlichste Form dar bei Betrachtung der Kosten pro Teilnehmer. Dar\u00fcber hinaus profitieren Sie von kurzen Wegen und sparen sich die Reisekosten f\u00fcr die Teilnehmer, denn wir kommen zu Ihnen! Gerne erstellen wir f\u00fcr Sie ein ma\u00dfgeschneidertes unverbindliches Angebot \u00fcber ein Inhouse-Training zum Modul 1 und\/oder zum Modul 2.<\/p>\n<p>Auch Kombinationsangebote \u00fcber zwei Tage (erster Tag Modul 1, zweiter Tag Modul 2) sind nat\u00fcrlich m\u00f6glich. Diese bieten eine unschlagbare Wirtschaftlichkeit, da unsere Reisekosten nur einmal anfallen und f\u00fcr den zweiten Tag ein Rabatt gew\u00e4hrt wird.<\/p>\n<p>Fordern Sie heute Ihr pers\u00f6nliches Angebot an unter operations (at) sicherheitsassistent.info!<\/p>\n","protected":false},"excerpt":{"rendered":"<p>Zur umfassenden Kenntnis der Hintergr\u00fcnde und Konzeptideen zum Sicherheitsassistent bedarf es einer Fortbildung. F\u00fchrungskr\u00e4fte ab der Ebene Gruppenf\u00fchrer k\u00f6nnen so zum SiAss weitergebildet werden, bereits ausgebildete Sicherheitsassistenen haben die Gelegenheit zur Fortbildung. Die daf\u00fcr entwickelten Modul 1 und 2 werden &hellip;<\/p>\n<p class=\"read-more\"> <a class=\"more-link\" href=\"https:\/\/www.sicherheitsassistent.info\/?page_id=56\"> <span class=\"screen-reader-text\">Aus- und Fortbildung<\/span> Weiterlesen &raquo;<\/a><\/p>\n","protected":false},"author":1,"featured_media":0,"parent":0,"menu_order":0,"comment_status":"closed","ping_status":"closed","template":"","meta":{"footnotes":""},"class_list":["post-56","page","type-page","status-publish","hentry"],"_links":{"self":[{"href":"https:\/\/www.sicherheitsassistent.info\/index.php?rest_route=\/wp\/v2\/pages\/56","targetHints":{"allow":["GET"]}}],"collection":[{"href":"https:\/\/www.sicherheitsassistent.info\/index.php?rest_route=\/wp\/v2\/pages"}],"about":[{"href":"https:\/\/www.sicherheitsassistent.info\/index.php?rest_route=\/wp\/v2\/types\/page"}],"author":[{"embeddable":true,"href":"https:\/\/www.sicherheitsassistent.info\/index.php?rest_route=\/wp\/v2\/users\/1"}],"replies":[{"embeddable":true,"href":"https:\/\/www.sicherheitsassistent.info\/index.php?rest_route=%2Fwp%2Fv2%2Fcomments&post=56"}],"version-history":[{"count":6,"href":"https:\/\/www.sicherheitsassistent.info\/index.php?rest_route=\/wp\/v2\/pages\/56\/revisions"}],"predecessor-version":[{"id":293,"href":"https:\/\/www.sicherheitsassistent.info\/index.php?rest_route=\/wp\/v2\/pages\/56\/revisions\/293"}],"wp:attachment":[{"href":"https:\/\/www.sicherheitsassistent.info\/index.php?rest_route=%2Fwp%2Fv2%2Fmedia&parent=56"}],"curies":[{"name":"wp","href":"https:\/\/api.w.org\/{rel}","templated":true}]}}