{"id":50,"date":"2016-04-26T22:03:29","date_gmt":"2016-04-26T20:03:29","guid":{"rendered":"http:\/\/sicherheitsassistent.info\/?page_id=50"},"modified":"2016-05-15T21:13:07","modified_gmt":"2016-05-15T19:13:07","slug":"historie","status":"publish","type":"page","link":"https:\/\/www.sicherheitsassistent.info\/?page_id=50","title":{"rendered":"Historie"},"content":{"rendered":"<h2 style=\"text-align: justify;\"><strong>Urspr\u00fcnge in US-Norm<\/strong><\/h2>\n<p style=\"text-align: justify;\">Die Urspr\u00fcnge des \u201eSafety Officer\u201c bei US-amerikanischen Feuerwehren lassen sich bis zum Ende des 19. bzw. Anfang des 20. Jahrhunderts zur\u00fcckverfolgen, als bei Br\u00e4nden gesondertes Personal abgestellt wurde, das die Einsatzkr\u00e4fte vor einst\u00fcrzenden W\u00e4nden und \u00e4hnlichen Gefahren durch Signalh\u00f6rner warnen sollte.<br \/>\nIn der heutigen Form wurde der Safety Officer erstmals 1977 in der NFPA-Norm 1501 \u201eStandard for Fire Department Safety Officer\u201c (heute NFPA 1521) beschrieben. Seitdem wird diese Norm regelm\u00e4\u00dfig \u00fcberarbeitet, was zum aktuellsten Stand der NFPA 1521, Edition 2015, f\u00fchrte. Neben der NFPA 1521 enth\u00e4lt auch die NFPA 1561 \u201eStandard on Emergency Services Incident Management System\u201d Festlegungen f\u00fcr den Aufgabenbereich des Safety Officer.<\/p>\n<h2 style=\"text-align: justify;\"><strong>Internationale Verbreitung<\/strong><\/h2>\n<p style=\"text-align: justify;\">Inzwischen ist die Funktion auch international au\u00dferhalb der USA etabliert, u.a. in Kanada, UK, Australien, Neuseeland, Frankreich, Schweiz, Teilen \u00d6sterreichs und einzelnen St\u00e4dten, z.B. Budapest. Erste Feuerwehren in Deutschland (Werkfeuerwehren, Freiwillige Feuerwehren und Berufsfeuerwehren) setzen die Funktion bereits ein.<\/p>\n<h2 style=\"text-align: justify;\"><strong>Entwicklung des SiAss in Deutschland<\/strong><\/h2>\n<p style=\"text-align: justify;\">Im Jahr 2009 wurde das Konzept des Safety Officer im Rahmen einer Bachelor-Thesis\u00b9 an der Bergischen Universit\u00e4t, Lehrstuhl Methoden der Sicherheitstechnik\/Unfallforschung, auf die Anwendbarkeit in Deutschland gepr\u00fcft und eine auf deutsche Verh\u00e4ltnisse angepasste Konzeption entwickelt. Im darauf folgenden Jahr wurde das Konzept der breiten deutschen Fach\u00f6ffentlichkeit in Form eines Fachartikels sowie zweier Vortr\u00e4ge auf nationalen Fachtagungen vorgestellt\u00b2.<\/p>\n<p style=\"text-align: justify;\">Seit 2012 werden in Zusammenarbeit mit verschiedenen Trainingsanbietern, u.a. Atemschutzunfaelle.eu, Tagesseminare durchgef\u00fchrt, in denen die Teilnehmer zum Sicherheitsassistenten ausgebildet werden (<a href=\"http:\/\/sicherheitsassistent.info\/?page_id=58\">Modul 1<\/a>).<\/p>\n<p style=\"text-align: justify;\">Das Manuskript der Bachelor-Thesis wurde nach einigen redaktionellen Anpassungen und Fortschreibungen 2014 als sog. &#8222;Wuppertaler Bericht&#8220; ver\u00f6ffentlicht\u00b3. Im folgenden Jahr wurde in Form eines weiteren Fachartikels\u2074 der Sachstand f\u00fcnf Jahre nach der ersten Publikation zusammengefasst und das Thema erneut in die Fachdiskussion eingef\u00fchrt.<\/p>\n<p style=\"text-align: justify;\">Neben dem Modul 1 werden seit 2016 auch Schulungen zur Fortbildung von Sicherheitsassistenten angeboten (<a href=\"http:\/\/sicherheitsassistent.info\/?page_id=58\">Modul 2<\/a>).<\/p>\n<h4 style=\"text-align: justify;\">Fu\u00dfnoten<\/h4>\n<p style=\"text-align: justify;\">\u00b9Ridder, A.: Ein neuer Baustein eines umfassenden Sicherheitsmanagements bei der Feuerwehr: Der Sicherheitsassistent. Bachelor-Thesis. Bergische Universit\u00e4t Wuppertal. Wuppertal, 2009<\/p>\n<p>\u00b2Ridder, A.: Die Funktion \u201eSafety Officer\u201c bzw. \u201eSicherheitsassistent\u201c. In: BrandSchutz Deutsche Feuerwehr-Zeitung 08\/2010, S. 646 \u2013 651<\/p>\n<p>\u00b2Ridder, A.: Ein neuer Baustein eines umfassenden Sicherheitsmanagements bei der Feuerwehr &#8211; Der Sicherheitsassistent: II. Brennpunkt, Bergische Universit\u00e4t Wuppertal: \u201eFeuerwehr und Arbeitsschutz \u2013 Notwendigkeit oder Unm\u00f6glichkeit?\u201c; 14.04.2010<\/p>\n<p>\u00b2Ridder, A. Ein neuer Baustein eines umfassenden Sicherheitsmanagements bei der Feuerwehr \u2013 Der Sicherheitsassistent. Jahresfachtagung der Vereinigung zur F\u00f6rderung des Deutschen Brandschutzes. Berlin: 31.05.2011<\/p>\n<p>\u00b3Ridder, A.: Der Sicherheitsassistent als Baustein eines umfassenden Sicherheitsmanagements bei der Feuerwehr. Reihe Wuppertaler Berichte zur Sicherheitstechnik und zum Brand- und Explosionsschutz, Band 10. H\u00f6lemann, Schneider, Barth (Hrsg.). VdS-Verlag. K\u00f6ln, 2014<\/p>\n<p>\u2074Ridder, A.: Warten auf den Durchbruch. F\u00fcnf Jahre Sicherheitsassistent in Deutschland. In: Feuerwehr-Magazin 1\/2016, 24-27<\/p>\n<p>&nbsp;<\/p>\n","protected":false},"excerpt":{"rendered":"<p>Urspr\u00fcnge in US-Norm Die Urspr\u00fcnge des \u201eSafety Officer\u201c bei US-amerikanischen Feuerwehren lassen sich bis zum Ende des 19. bzw. Anfang des 20. Jahrhunderts zur\u00fcckverfolgen, als bei Br\u00e4nden gesondertes Personal abgestellt wurde, das die Einsatzkr\u00e4fte vor einst\u00fcrzenden W\u00e4nden und \u00e4hnlichen Gefahren &hellip;<\/p>\n<p class=\"read-more\"> <a class=\"more-link\" href=\"https:\/\/www.sicherheitsassistent.info\/?page_id=50\"> <span class=\"screen-reader-text\">Historie<\/span> Weiterlesen &raquo;<\/a><\/p>\n","protected":false},"author":1,"featured_media":0,"parent":48,"menu_order":0,"comment_status":"closed","ping_status":"closed","template":"","meta":{"footnotes":""},"class_list":["post-50","page","type-page","status-publish","hentry"],"_links":{"self":[{"href":"https:\/\/www.sicherheitsassistent.info\/index.php?rest_route=\/wp\/v2\/pages\/50","targetHints":{"allow":["GET"]}}],"collection":[{"href":"https:\/\/www.sicherheitsassistent.info\/index.php?rest_route=\/wp\/v2\/pages"}],"about":[{"href":"https:\/\/www.sicherheitsassistent.info\/index.php?rest_route=\/wp\/v2\/types\/page"}],"author":[{"embeddable":true,"href":"https:\/\/www.sicherheitsassistent.info\/index.php?rest_route=\/wp\/v2\/users\/1"}],"replies":[{"embeddable":true,"href":"https:\/\/www.sicherheitsassistent.info\/index.php?rest_route=%2Fwp%2Fv2%2Fcomments&post=50"}],"version-history":[{"count":6,"href":"https:\/\/www.sicherheitsassistent.info\/index.php?rest_route=\/wp\/v2\/pages\/50\/revisions"}],"predecessor-version":[{"id":105,"href":"https:\/\/www.sicherheitsassistent.info\/index.php?rest_route=\/wp\/v2\/pages\/50\/revisions\/105"}],"up":[{"embeddable":true,"href":"https:\/\/www.sicherheitsassistent.info\/index.php?rest_route=\/wp\/v2\/pages\/48"}],"wp:attachment":[{"href":"https:\/\/www.sicherheitsassistent.info\/index.php?rest_route=%2Fwp%2Fv2%2Fmedia&parent=50"}],"curies":[{"name":"wp","href":"https:\/\/api.w.org\/{rel}","templated":true}]}}