{"id":48,"date":"2016-04-26T22:03:29","date_gmt":"2016-04-26T20:03:29","guid":{"rendered":"http:\/\/sicherheitsassistent.info\/?page_id=48"},"modified":"2016-11-16T18:47:04","modified_gmt":"2016-11-16T17:47:04","slug":"das-konzept-sicherheitsassistent","status":"publish","type":"page","link":"https:\/\/www.sicherheitsassistent.info\/?page_id=48","title":{"rendered":"Das Konzept"},"content":{"rendered":"<p style=\"text-align: justify;\">Der Begriff &#8222;Sicherheitsassistent&#8220; (SiAss) beschreibt eine Funktion bei der Feuerwehr (und anderen Hilfsorganisationen). Der Sicherheitsassistent dient dazu, die Sicherheit der Einsatzkr\u00e4fte bei Einsatz und \u00dcbung zu erh\u00f6hen. Dazu unterst\u00fctzt er als Stabsfunktion die jeweilige F\u00fchrungskraft (Einsatzleiter, Abschnittsleiter, Einheitsf\u00fchrer).<\/p>\n<p style=\"text-align: justify;\">Hauptaufgabe des Sicherheitsassistenten ist die Beobachtung und Bewertung von Gef\u00e4hrdungen, unsicheren Situationen und unsicheren Verhaltensweisen an der Einsatzstelle. Dar\u00fcber hinaus entwickelt er Ma\u00dfnahmen zur Gew\u00e4hrleistung der Sicherheit der Einsatzkr\u00e4fte und schl\u00e4gt diese dem Einsatzleiter vor. Er stellt quasi ein weiteres \u201ePaar Augen und Ohren\u201c f\u00fcr den Einsatzleiter dar und wirkt somit als \u201eRisikomanager vor Ort\u201c.<\/p>\n<p style=\"text-align: justify;\">Der SiAss hat neben dem Einsatzleiter als einzige Funktion an der Einsatzstelle die Befugnis, bei Gefahr in Verzug F\u00fchrungsebenen \u00fcberspringen zu d\u00fcrfen um so Einsatzkr\u00e4fte z.B. aus gef\u00e4hrlichen Situationen heraus zu befehlen oder unsichere Ma\u00dfnahmen abstellen zu lassen. Oftmals wird die Aufgabe des SiAss auf diesen F\u00fchrungsdurchgriff bei Gefahr im Verzug reduziert. Dies greift einerseits zu kurz, da die Aufgaben des SiAss weiter gehen. Au\u00dferdem ist dieses Recht zum F\u00fchrungsdurchgriff bei Gefahr im Verzug im Grunde nicht neu f\u00fcr die deutsche Feuerwehr ist, sondern eine Weiterentwicklung einer vorhandenen Regelung: Nach FwDV 3 ist jede Einsatzkraft dazu berechtigt, bei Gefahr die T\u00e4tigkeit einstellen zu lassen (<em>Kommando \u201eGefahr &#8211; Alle sofort zur\u00fcck!\u201c).<\/em><\/p>\n<p style=\"text-align: justify;\">Auf den folgenden beiden Seiten wird kurz die <a href=\"http:\/\/sicherheitsassistent.info\/?page_id=50\">Historie<\/a> zur Entwicklung des Sicherheitsassistenten beschrieben und das <a href=\"http:\/\/sicherheitsassistent.info\/?page_id=52\">Gesamt-Konzept<\/a> ausf\u00fchrlich vorgestellt.<\/p>\n","protected":false},"excerpt":{"rendered":"<p>Der Begriff &#8222;Sicherheitsassistent&#8220; (SiAss) beschreibt eine Funktion bei der Feuerwehr (und anderen Hilfsorganisationen). Der Sicherheitsassistent dient dazu, die Sicherheit der Einsatzkr\u00e4fte bei Einsatz und \u00dcbung zu erh\u00f6hen. Dazu unterst\u00fctzt er als Stabsfunktion die jeweilige F\u00fchrungskraft (Einsatzleiter, Abschnittsleiter, Einheitsf\u00fchrer). Hauptaufgabe des &hellip;<\/p>\n<p class=\"read-more\"> <a class=\"more-link\" href=\"https:\/\/www.sicherheitsassistent.info\/?page_id=48\"> <span class=\"screen-reader-text\">Das Konzept<\/span> Weiterlesen &raquo;<\/a><\/p>\n","protected":false},"author":1,"featured_media":0,"parent":0,"menu_order":0,"comment_status":"closed","ping_status":"closed","template":"full-width-page.php","meta":{"footnotes":""},"class_list":["post-48","page","type-page","status-publish","hentry"],"_links":{"self":[{"href":"https:\/\/www.sicherheitsassistent.info\/index.php?rest_route=\/wp\/v2\/pages\/48","targetHints":{"allow":["GET"]}}],"collection":[{"href":"https:\/\/www.sicherheitsassistent.info\/index.php?rest_route=\/wp\/v2\/pages"}],"about":[{"href":"https:\/\/www.sicherheitsassistent.info\/index.php?rest_route=\/wp\/v2\/types\/page"}],"author":[{"embeddable":true,"href":"https:\/\/www.sicherheitsassistent.info\/index.php?rest_route=\/wp\/v2\/users\/1"}],"replies":[{"embeddable":true,"href":"https:\/\/www.sicherheitsassistent.info\/index.php?rest_route=%2Fwp%2Fv2%2Fcomments&post=48"}],"version-history":[{"count":9,"href":"https:\/\/www.sicherheitsassistent.info\/index.php?rest_route=\/wp\/v2\/pages\/48\/revisions"}],"predecessor-version":[{"id":373,"href":"https:\/\/www.sicherheitsassistent.info\/index.php?rest_route=\/wp\/v2\/pages\/48\/revisions\/373"}],"wp:attachment":[{"href":"https:\/\/www.sicherheitsassistent.info\/index.php?rest_route=%2Fwp%2Fv2%2Fmedia&parent=48"}],"curies":[{"name":"wp","href":"https:\/\/api.w.org\/{rel}","templated":true}]}}